{"id":5216,"date":"2024-05-21T12:50:30","date_gmt":"2024-05-21T10:50:30","guid":{"rendered":"https:\/\/everestautomotive.al\/machining\/"},"modified":"2024-12-24T13:49:19","modified_gmt":"2024-12-24T12:49:19","slug":"machining","status":"publish","type":"page","link":"https:\/\/everestautomotive.al\/sq\/machining\/","title":{"rendered":"Fabrikimi"},"content":{"rendered":"\t\t<div data-elementor-type=\"wp-page\" data-elementor-id=\"5216\" class=\"elementor elementor-5216 elementor-1472\">\n\t\t\t\t\t\t<section class=\"wd-negative-gap elementor-section elementor-top-section elementor-element elementor-element-d9ae483 elementor-section-full_width wd-section-stretch-content elementor-section-height-min-height elementor-section-items-bottom elementor-section-height-default\" data-id=\"d9ae483\" data-element_type=\"section\" data-e-type=\"section\" data-settings=\"{&quot;background_background&quot;:&quot;classic&quot;}\">\n\t\t\t\t\t\t\t<div class=\"elementor-background-overlay\"><\/div>\n\t\t\t\t\t\t\t<div class=\"elementor-container elementor-column-gap-default\">\n\t\t\t\t\t<div class=\"elementor-column elementor-col-100 elementor-top-column elementor-element elementor-element-69d7977\" data-id=\"69d7977\" data-element_type=\"column\" data-e-type=\"column\" data-settings=\"{&quot;background_background&quot;:&quot;classic&quot;}\">\n\t\t\t<div class=\"elementor-widget-wrap elementor-element-populated\">\n\t\t\t\t\t\t<div class=\"elementor-element elementor-element-6a6f3bb elementor-widget__width-initial elementor-widget-tablet__width-inherit elementor-widget elementor-widget-heading\" data-id=\"6a6f3bb\" data-element_type=\"widget\" data-e-type=\"widget\" data-widget_type=\"heading.default\">\n\t\t\t\t<div class=\"elementor-widget-container\">\n\t\t\t\t\t<h2 class=\"elementor-heading-title elementor-size-default\">Fabrikimi<\/h2>\t\t\t\t<\/div>\n\t\t\t\t<\/div>\n\t\t\t\t\t<\/div>\n\t\t<\/div>\n\t\t\t\t\t<\/div>\n\t\t<\/section>\n\t\t\t\t<section class=\"wd-negative-gap elementor-section elementor-top-section elementor-element elementor-element-c94f5ba elementor-section-stretched elementor-section-boxed elementor-section-height-default elementor-section-height-default\" data-id=\"c94f5ba\" data-element_type=\"section\" data-e-type=\"section\" data-settings=\"{&quot;stretch_section&quot;:&quot;section-stretched&quot;}\">\n\t\t\t\t\t\t<div class=\"elementor-container elementor-column-gap-default\">\n\t\t\t\t\t<div class=\"elementor-column elementor-col-50 elementor-top-column elementor-element elementor-element-af6c182\" data-id=\"af6c182\" data-element_type=\"column\" data-e-type=\"column\">\n\t\t\t<div class=\"elementor-widget-wrap elementor-element-populated\">\n\t\t\t\t\t\t<div class=\"elementor-element elementor-element-7fb9343 elementor-widget__width-initial elementor-invisible elementor-widget elementor-widget-heading\" data-id=\"7fb9343\" data-element_type=\"widget\" data-e-type=\"widget\" data-settings=\"{&quot;_animation&quot;:&quot;zoomIn&quot;}\" data-widget_type=\"heading.default\">\n\t\t\t\t<div class=\"elementor-widget-container\">\n\t\t\t\t\t<h2 class=\"elementor-heading-title elementor-size-default\">Precizioni n\u00eb p\u00ebrpunimin e aluminit nuk \u00ebsht\u00eb thjesht nj\u00eb synim, por nj\u00eb domosdoshm\u00ebri p\u00ebr t\u00eb shfryt\u00ebzuar plot\u00ebsisht potencialin e tij.<\/h2>\t\t\t\t<\/div>\n\t\t\t\t<\/div>\n\t\t\t\t\t<\/div>\n\t\t<\/div>\n\t\t\t\t<div class=\"elementor-column elementor-col-50 elementor-top-column elementor-element elementor-element-b9adcad\" data-id=\"b9adcad\" data-element_type=\"column\" data-e-type=\"column\">\n\t\t\t<div class=\"elementor-widget-wrap elementor-element-populated\">\n\t\t\t\t\t\t<div class=\"elementor-element elementor-element-2f5e1fd elementor-invisible elementor-widget elementor-widget-wd_text_block\" data-id=\"2f5e1fd\" data-element_type=\"widget\" data-e-type=\"widget\" data-settings=\"{&quot;_animation&quot;:&quot;fadeInUp&quot;}\" data-widget_type=\"wd_text_block.default\">\n\t\t\t\t<div class=\"elementor-widget-container\">\n\t\t\t\t\t\t\t<div class=\"wd-text-block reset-last-child text-left\">\n\t\t\t\n\t\t\t<p>Departamenti yn\u00eb i p\u00ebrpunimit \u00ebsht\u00eb i pajisur me makineri t\u00eb avancuara p\u00ebr t\u00eb siguruar rezultate me precizion t\u00eb lart\u00eb. Nj\u00eb pik\u00eb ky\u00e7e \u00ebsht\u00eb aft\u00ebsia jon\u00eb n\u00eb p\u00ebrpunimin CNC, q\u00eb p\u00ebrfshin makina frezuese me 3 dhe 4 akse, si dhe nj\u00eb makin\u00eb CNC Elumatec me 18 akse q\u00eb pritet t\u00eb vihet n\u00eb pun\u00eb p\u00ebr p\u00ebrpunimin e profileve t\u00eb gjata. Kjo siguron precizion n\u00eb prodhimin e pjes\u00ebve automobilistike, si elementet strukturore dhe panelet. P\u00ebrve\u00e7 k\u00ebsaj, pajisjet tona mb\u00ebshtesin procese t\u00eb ndryshme si saldimi, form\u00ebsimi dhe prerja, t\u00eb gjitha t\u00eb dizajnuara p\u00ebr t\u00eb p\u00ebrmbushur standardet m\u00eb t\u00eb larta t\u00eb efikasitetit dhe cil\u00ebsis\u00eb.<\/p>\n\t\t\t\t\t<\/div>\n\t\t\t\t\t\t<\/div>\n\t\t\t\t<\/div>\n\t\t\t\t\t<\/div>\n\t\t<\/div>\n\t\t\t\t\t<\/div>\n\t\t<\/section>\n\t\t\t\t<section class=\"wd-negative-gap elementor-section elementor-top-section elementor-element elementor-element-29be821 wd-section-stretch-content elementor-section-content-middle elementor-section-boxed elementor-section-height-default elementor-section-height-default\" data-id=\"29be821\" data-element_type=\"section\" data-e-type=\"section\" data-settings=\"{&quot;animation&quot;:&quot;none&quot;}\">\n\t\t\t\t\t\t<div class=\"elementor-container elementor-column-gap-default\">\n\t\t\t\t\t<div class=\"elementor-column elementor-col-50 elementor-top-column elementor-element elementor-element-00b2d01\" data-id=\"00b2d01\" data-element_type=\"column\" data-e-type=\"column\">\n\t\t\t<div class=\"elementor-widget-wrap elementor-element-populated\">\n\t\t\t\t\t\t<div class=\"elementor-element elementor-element-5b9de6f elementor-invisible elementor-widget elementor-widget-wd_image_or_svg\" data-id=\"5b9de6f\" data-element_type=\"widget\" data-e-type=\"widget\" data-settings=\"{&quot;_animation&quot;:&quot;fadeInUp&quot;}\" data-widget_type=\"wd_image_or_svg.default\">\n\t\t\t\t<div class=\"elementor-widget-container\">\n\t\t\t\t\t\n\t\t<div class=\"wd-image text-left\">\n\t\t\t\t\t\t\t\t<img fetchpriority=\"high\" decoding=\"async\" width=\"2560\" height=\"1920\" src=\"https:\/\/everestautomotive.al\/wp-content\/uploads\/2024\/12\/fabrication-everest-cutting-1.png\" class=\"attachment-full size-full\" alt=\"\" srcset=\"https:\/\/everestautomotive.al\/wp-content\/uploads\/2024\/12\/fabrication-everest-cutting-1.png 2560w, https:\/\/everestautomotive.al\/wp-content\/uploads\/2024\/12\/fabrication-everest-cutting-1-300x225.png 300w, https:\/\/everestautomotive.al\/wp-content\/uploads\/2024\/12\/fabrication-everest-cutting-1-1024x768.png 1024w, https:\/\/everestautomotive.al\/wp-content\/uploads\/2024\/12\/fabrication-everest-cutting-1-768x576.png 768w, https:\/\/everestautomotive.al\/wp-content\/uploads\/2024\/12\/fabrication-everest-cutting-1-1536x1152.png 1536w, https:\/\/everestautomotive.al\/wp-content\/uploads\/2024\/12\/fabrication-everest-cutting-1-2048x1536.png 2048w, https:\/\/everestautomotive.al\/wp-content\/uploads\/2024\/12\/fabrication-everest-cutting-1-600x450.png 600w, https:\/\/everestautomotive.al\/wp-content\/uploads\/2024\/12\/fabrication-everest-cutting-1-150x113.png 150w\" sizes=\"(max-width: 2560px) 100vw, 2560px\" \/>\t\t\t\t\t<\/div>\n\n\t\t\t\t\t\t<\/div>\n\t\t\t\t<\/div>\n\t\t\t\t\t<\/div>\n\t\t<\/div>\n\t\t\t\t<div class=\"elementor-column elementor-col-50 elementor-top-column elementor-element elementor-element-04f4701\" data-id=\"04f4701\" data-element_type=\"column\" data-e-type=\"column\">\n\t\t\t<div class=\"elementor-widget-wrap elementor-element-populated\">\n\t\t\t\t\t\t<div class=\"elementor-element elementor-element-5c95258 elementor-widget elementor-widget-heading\" data-id=\"5c95258\" data-element_type=\"widget\" data-e-type=\"widget\" data-widget_type=\"heading.default\">\n\t\t\t\t<div class=\"elementor-widget-container\">\n\t\t\t\t\t<h2 class=\"elementor-heading-title elementor-size-default\">Prerja <\/h2>\t\t\t\t<\/div>\n\t\t\t\t<\/div>\n\t\t\t\t<div class=\"elementor-element elementor-element-af8b9c1 elementor-invisible elementor-widget elementor-widget-wd_text_block\" data-id=\"af8b9c1\" data-element_type=\"widget\" data-e-type=\"widget\" data-settings=\"{&quot;_animation&quot;:&quot;fadeInUp&quot;}\" data-widget_type=\"wd_text_block.default\">\n\t\t\t\t<div class=\"elementor-widget-container\">\n\t\t\t\t\t\t\t<div class=\"wd-text-block reset-last-child text-left\">\n\t\t\t\n\t\t\t<p>N\u00eb Departamentin ton\u00eb t\u00eb Prerjes, precizioni \u00ebsht\u00eb motoja jon\u00eb. Kur b\u00ebhet fjal\u00eb p\u00ebr prerjen e aluminit, operator\u00ebt tan\u00eb jan\u00eb mjeshtra t\u00eb v\u00ebrtet\u00eb t\u00eb zanatit t\u00eb tyre. T\u00eb pajisur me tehe jasht\u00ebzakonisht t\u00eb mprehta dhe teknika t\u00eb avancuara prerjeje, ata kalojn\u00eb edhe p\u00ebrmes materialeve m\u00eb t\u00eb v\u00ebshtira me sakt\u00ebsi t\u00eb p\u00ebrkryer. \u00c7do prerje b\u00ebhet past\u00ebr dhe me precizion, duke siguruar q\u00eb komponent\u00ebt t\u00eb jen\u00eb p\u00ebrgatitur n\u00eb m\u00ebnyr\u00eb perfekte p\u00ebr faz\u00ebn e ardhshme t\u00eb prodhimit.<\/p><p>Sistemet tona t\u00eb avancuara t\u00eb prerjes sigurojn\u00eb sakt\u00ebsi dhe efikasitet:<\/p><ul><li><b>EMMEGI<\/b><\/li><li><b>B&amp;O<\/b><\/li><li><b>ELUMATEC<\/b><\/li><\/ul>\n\t\t\t\t\t<\/div>\n\t\t\t\t\t\t<\/div>\n\t\t\t\t<\/div>\n\t\t\t\t\t<\/div>\n\t\t<\/div>\n\t\t\t\t\t<\/div>\n\t\t<\/section>\n\t\t\t\t<section class=\"wd-negative-gap elementor-section elementor-top-section elementor-element elementor-element-4d43f52 wd-section-stretch-content elementor-reverse-mobile elementor-reverse-tablet elementor-section-boxed elementor-section-height-default elementor-section-height-default\" data-id=\"4d43f52\" data-element_type=\"section\" data-e-type=\"section\" data-settings=\"{&quot;animation&quot;:&quot;none&quot;,&quot;background_background&quot;:&quot;classic&quot;}\">\n\t\t\t\t\t\t<div class=\"elementor-container elementor-column-gap-default\">\n\t\t\t\t\t<div class=\"elementor-column elementor-col-50 elementor-top-column elementor-element elementor-element-b0d525b\" data-id=\"b0d525b\" data-element_type=\"column\" data-e-type=\"column\">\n\t\t\t<div class=\"elementor-widget-wrap elementor-element-populated\">\n\t\t\t\t\t\t<div class=\"elementor-element elementor-element-1ea7e30 elementor-widget elementor-widget-heading\" data-id=\"1ea7e30\" data-element_type=\"widget\" data-e-type=\"widget\" data-widget_type=\"heading.default\">\n\t\t\t\t<div class=\"elementor-widget-container\">\n\t\t\t\t\t<h2 class=\"elementor-heading-title elementor-size-default\">P\u00cbRPUNIM CNC <\/h2>\t\t\t\t<\/div>\n\t\t\t\t<\/div>\n\t\t\t\t<div class=\"elementor-element elementor-element-15c4843 elementor-invisible elementor-widget elementor-widget-wd_text_block\" data-id=\"15c4843\" data-element_type=\"widget\" data-e-type=\"widget\" data-settings=\"{&quot;_animation&quot;:&quot;fadeInUp&quot;}\" data-widget_type=\"wd_text_block.default\">\n\t\t\t\t<div class=\"elementor-widget-container\">\n\t\t\t\t\t\t\t<div class=\"wd-text-block reset-last-child text-left\">\n\t\t\t\n\t\t\t<p>Departamenti yn\u00eb i CNC-s\u00eb \u00ebsht\u00eb plot\u00ebsisht i pajisur p\u00ebr t\u00eb menaxhuar t\u00eb gjith\u00eb procesin e prodhimit, nga dizajni dhe zhvillimi deri te prodhimi i plot\u00eb i pjes\u00ebve bazuar n\u00eb specifikimet e klientit.<br \/>Ne trajtojm\u00eb si prodhime afatshkurtra dhe afatgjata, ashtu edhe prototipe. Shum\u00eb pjes\u00eb automobilistike, si element\u00ebt strukturore, brinj\u00ebt, mb\u00ebshtet\u00ebset dhe panelet, prodhohen k\u00ebtu <br \/>Ne p\u00ebrdorim nj\u00eb gam\u00eb t\u00eb proceseve t\u00eb frezimit, duke p\u00ebrfshir\u00eb makina frezuese CNC me 3 dhe 4 akse, si t\u00eb tipit vertikal ashtu edhe t\u00eb tipit pendulum. <br \/>Qendra e p\u00ebrpunimit t\u00eb aluminit Doosan akomodon komponent\u00eb deri n\u00eb p\u00ebrmasa 2160 x 760 x 650 mm Pas frezimit, pjes\u00ebt pastrohen n\u00eb nj\u00eb makin\u00eb lar\u00ebse p\u00ebr t\u00eb hequr lubrifikant\u00ebt ftoh\u00ebs dhe papast\u00ebrtit\u00eb. <br \/><br \/>P\u00ebrve\u00e7 k\u00ebsaj, jemi krenar\u00eb t\u00eb prezantojm\u00eb nj\u00eb makin\u00eb t\u00eb re CNC Elumatec me 18 akse, e dizajnuar p\u00ebr p\u00ebrpunim me precizion t\u00eb lart\u00eb t\u00eb profileve t\u00eb gjata. <br \/><br \/>Makinerit\u00eb Kryesore CNC:<\/p><p>\u00a0<\/p><ul><li>ELUMATEC SBZ 628 XL X5.<\/li><li>ELUMATEC SBZ 628 S X2.<\/li><li>ELUMATEC DG 142 X4.<\/li><\/ul>\n\t\t\t\t\t<\/div>\n\t\t\t\t\t\t<\/div>\n\t\t\t\t<\/div>\n\t\t\t\t\t<\/div>\n\t\t<\/div>\n\t\t\t\t<div class=\"elementor-column elementor-col-50 elementor-top-column elementor-element elementor-element-5cdff5e\" data-id=\"5cdff5e\" data-element_type=\"column\" data-e-type=\"column\">\n\t\t\t<div class=\"elementor-widget-wrap elementor-element-populated\">\n\t\t\t\t\t\t<div class=\"elementor-element elementor-element-5020ab8 elementor-invisible elementor-widget elementor-widget-wd_image_or_svg\" data-id=\"5020ab8\" data-element_type=\"widget\" data-e-type=\"widget\" data-settings=\"{&quot;_animation&quot;:&quot;fadeInUp&quot;}\" data-widget_type=\"wd_image_or_svg.default\">\n\t\t\t\t<div class=\"elementor-widget-container\">\n\t\t\t\t\t\n\t\t<div class=\"wd-image text-left\">\n\t\t\t\t\t\t\t\t<img decoding=\"async\" width=\"2560\" height=\"1920\" src=\"https:\/\/everestautomotive.al\/wp-content\/uploads\/2024\/12\/everest-cnc-fabrication.png\" class=\"attachment-full size-full\" alt=\"\" srcset=\"https:\/\/everestautomotive.al\/wp-content\/uploads\/2024\/12\/everest-cnc-fabrication.png 2560w, https:\/\/everestautomotive.al\/wp-content\/uploads\/2024\/12\/everest-cnc-fabrication-300x225.png 300w, https:\/\/everestautomotive.al\/wp-content\/uploads\/2024\/12\/everest-cnc-fabrication-1024x768.png 1024w, https:\/\/everestautomotive.al\/wp-content\/uploads\/2024\/12\/everest-cnc-fabrication-768x576.png 768w, https:\/\/everestautomotive.al\/wp-content\/uploads\/2024\/12\/everest-cnc-fabrication-1536x1152.png 1536w, https:\/\/everestautomotive.al\/wp-content\/uploads\/2024\/12\/everest-cnc-fabrication-2048x1536.png 2048w, https:\/\/everestautomotive.al\/wp-content\/uploads\/2024\/12\/everest-cnc-fabrication-600x450.png 600w, https:\/\/everestautomotive.al\/wp-content\/uploads\/2024\/12\/everest-cnc-fabrication-150x113.png 150w\" sizes=\"(max-width: 2560px) 100vw, 2560px\" \/>\t\t\t\t\t<\/div>\n\n\t\t\t\t\t\t<\/div>\n\t\t\t\t<\/div>\n\t\t\t\t\t<\/div>\n\t\t<\/div>\n\t\t\t\t\t<\/div>\n\t\t<\/section>\n\t\t\t\t<section class=\"wd-negative-gap elementor-section elementor-top-section elementor-element elementor-element-557bab0 wd-section-stretch-content elementor-section-boxed elementor-section-height-default elementor-section-height-default\" data-id=\"557bab0\" data-element_type=\"section\" data-e-type=\"section\" data-settings=\"{&quot;animation&quot;:&quot;none&quot;}\">\n\t\t\t\t\t\t<div class=\"elementor-container elementor-column-gap-default\">\n\t\t\t\t\t<div class=\"elementor-column elementor-col-50 elementor-top-column elementor-element elementor-element-e382d19\" data-id=\"e382d19\" data-element_type=\"column\" data-e-type=\"column\">\n\t\t\t<div class=\"elementor-widget-wrap elementor-element-populated\">\n\t\t\t\t\t\t<div class=\"elementor-element elementor-element-ad01f43 elementor-invisible elementor-widget elementor-widget-wd_image_or_svg\" data-id=\"ad01f43\" data-element_type=\"widget\" data-e-type=\"widget\" data-settings=\"{&quot;_animation&quot;:&quot;fadeInUp&quot;}\" data-widget_type=\"wd_image_or_svg.default\">\n\t\t\t\t<div class=\"elementor-widget-container\">\n\t\t\t\t\t\n\t\t<div class=\"wd-image text-left\">\n\t\t\t\t\t\t\t\t<img decoding=\"async\" width=\"2560\" height=\"1920\" src=\"https:\/\/everestautomotive.al\/wp-content\/uploads\/2024\/12\/fabrication-everest-formin.png\" class=\"attachment-full size-full\" alt=\"\" srcset=\"https:\/\/everestautomotive.al\/wp-content\/uploads\/2024\/12\/fabrication-everest-formin.png 2560w, https:\/\/everestautomotive.al\/wp-content\/uploads\/2024\/12\/fabrication-everest-formin-300x225.png 300w, https:\/\/everestautomotive.al\/wp-content\/uploads\/2024\/12\/fabrication-everest-formin-1024x768.png 1024w, https:\/\/everestautomotive.al\/wp-content\/uploads\/2024\/12\/fabrication-everest-formin-768x576.png 768w, https:\/\/everestautomotive.al\/wp-content\/uploads\/2024\/12\/fabrication-everest-formin-1536x1152.png 1536w, https:\/\/everestautomotive.al\/wp-content\/uploads\/2024\/12\/fabrication-everest-formin-2048x1536.png 2048w, https:\/\/everestautomotive.al\/wp-content\/uploads\/2024\/12\/fabrication-everest-formin-600x450.png 600w, https:\/\/everestautomotive.al\/wp-content\/uploads\/2024\/12\/fabrication-everest-formin-150x113.png 150w\" sizes=\"(max-width: 2560px) 100vw, 2560px\" \/>\t\t\t\t\t<\/div>\n\n\t\t\t\t\t\t<\/div>\n\t\t\t\t<\/div>\n\t\t\t\t\t<\/div>\n\t\t<\/div>\n\t\t\t\t<div class=\"elementor-column elementor-col-50 elementor-top-column elementor-element elementor-element-e853294\" data-id=\"e853294\" data-element_type=\"column\" data-e-type=\"column\">\n\t\t\t<div class=\"elementor-widget-wrap elementor-element-populated\">\n\t\t\t\t\t\t<div class=\"elementor-element elementor-element-e324d9b elementor-widget elementor-widget-heading\" data-id=\"e324d9b\" data-element_type=\"widget\" data-e-type=\"widget\" data-widget_type=\"heading.default\">\n\t\t\t\t<div class=\"elementor-widget-container\">\n\t\t\t\t\t<h2 class=\"elementor-heading-title elementor-size-default\">Lakimi<\/h2>\t\t\t\t<\/div>\n\t\t\t\t<\/div>\n\t\t\t\t<div class=\"elementor-element elementor-element-ae6c2ee elementor-invisible elementor-widget elementor-widget-wd_text_block\" data-id=\"ae6c2ee\" data-element_type=\"widget\" data-e-type=\"widget\" data-settings=\"{&quot;_animation&quot;:&quot;fadeInUp&quot;}\" data-widget_type=\"wd_text_block.default\">\n\t\t\t\t<div class=\"elementor-widget-container\">\n\t\t\t\t\t\t\t<div class=\"wd-text-block reset-last-child text-left\">\n\t\t\t\n\t\t\t<p>Ne ofrojm\u00eb sh\u00ebrbime t\u00eb avancuara lakimi, duke p\u00ebrfshir\u00eb lakimin me rula, i cili mund\u00ebson formimin preciz t\u00eb profileve t\u00eb aluminit. Ky proces siguron q\u00eb komponent\u00ebt t\u00eb ruajn\u00eb forc\u00ebn dhe integritetin e tyre duke p\u00ebrmbushur specifikimet e k\u00ebrkuara. Aft\u00ebsit\u00eb tona t\u00eb form\u00ebsimit jan\u00eb t\u00eb dizajnuara p\u00ebr t\u00eb p\u00ebrmbushur standardet e larta t\u00eb industris\u00eb automobilistike, duke ofruar efikasitet dhe sakt\u00ebsi p\u00ebr \u00e7do projekt.<\/p>\n\t\t\t\t\t<\/div>\n\t\t\t\t\t\t<\/div>\n\t\t\t\t<\/div>\n\t\t\t\t\t<\/div>\n\t\t<\/div>\n\t\t\t\t\t<\/div>\n\t\t<\/section>\n\t\t\t\t<section class=\"wd-negative-gap elementor-section elementor-top-section elementor-element elementor-element-581a005 wd-section-stretch-content elementor-reverse-mobile elementor-reverse-tablet elementor-section-boxed elementor-section-height-default elementor-section-height-default\" data-id=\"581a005\" data-element_type=\"section\" data-e-type=\"section\" data-settings=\"{&quot;animation&quot;:&quot;none&quot;,&quot;background_background&quot;:&quot;classic&quot;}\">\n\t\t\t\t\t\t<div class=\"elementor-container elementor-column-gap-default\">\n\t\t\t\t\t<div class=\"elementor-column elementor-col-50 elementor-top-column elementor-element elementor-element-9a89d49\" data-id=\"9a89d49\" data-element_type=\"column\" data-e-type=\"column\">\n\t\t\t<div class=\"elementor-widget-wrap elementor-element-populated\">\n\t\t\t\t\t\t<div class=\"elementor-element elementor-element-ce1f32d elementor-widget elementor-widget-heading\" data-id=\"ce1f32d\" data-element_type=\"widget\" data-e-type=\"widget\" data-widget_type=\"heading.default\">\n\t\t\t\t<div class=\"elementor-widget-container\">\n\t\t\t\t\t<h2 class=\"elementor-heading-title elementor-size-default\">Departamenti i saldimit <\/h2>\t\t\t\t<\/div>\n\t\t\t\t<\/div>\n\t\t\t\t<div class=\"elementor-element elementor-element-ea4c844 elementor-invisible elementor-widget elementor-widget-wd_text_block\" data-id=\"ea4c844\" data-element_type=\"widget\" data-e-type=\"widget\" data-settings=\"{&quot;_animation&quot;:&quot;fadeInUp&quot;}\" data-widget_type=\"wd_text_block.default\">\n\t\t\t\t<div class=\"elementor-widget-container\">\n\t\t\t\t\t\t\t<div class=\"wd-text-block reset-last-child text-left\">\n\t\t\t\n\t\t\t<p>N\u00eb Departamentin ton\u00eb t\u00eb Saldimit, teknologjia \u00ebsht\u00eb aleati yn\u00eb. Ne p\u00ebrqafojm\u00eb p\u00ebrparimet m\u00eb t\u00eb fundit n\u00eb pajisjet dhe teknikat e saldimit p\u00ebr t\u00eb shtyr\u00eb kufijt\u00eb e asaj q\u00eb \u00ebsht\u00eb e mundur. Me makineri saldimi t\u00eb avancuara q\u00eb sigurojn\u00eb saldime perfekte, ne shfryt\u00ebzojm\u00eb fuqin\u00eb e teknologjis\u00eb p\u00ebr t\u00eb p\u00ebrmir\u00ebsuar zanatin ton\u00eb dhe p\u00ebr t\u00eb ofruar rezultate superiore.<\/p><p>Departamenti i saldimit, i pajisur me makineri moderne dhe i operuar nga nj\u00eb fuqi pun\u00ebtore e specializuar, p\u00ebrdor procese t\u00eb ndryshme saldimi, duke p\u00ebrfshir\u00eb saldimin me gaz inert metalik (MIG) dhe TIG.<\/p>\n\t\t\t\t\t<\/div>\n\t\t\t\t\t\t<\/div>\n\t\t\t\t<\/div>\n\t\t\t\t\t<\/div>\n\t\t<\/div>\n\t\t\t\t<div class=\"elementor-column elementor-col-50 elementor-top-column elementor-element elementor-element-9db18a0\" data-id=\"9db18a0\" data-element_type=\"column\" data-e-type=\"column\">\n\t\t\t<div class=\"elementor-widget-wrap elementor-element-populated\">\n\t\t\t\t\t\t<div class=\"elementor-element elementor-element-4df2f31 elementor-invisible elementor-widget elementor-widget-wd_image_or_svg\" data-id=\"4df2f31\" data-element_type=\"widget\" data-e-type=\"widget\" data-settings=\"{&quot;_animation&quot;:&quot;fadeInUp&quot;}\" data-widget_type=\"wd_image_or_svg.default\">\n\t\t\t\t<div class=\"elementor-widget-container\">\n\t\t\t\t\t\n\t\t<div class=\"wd-image text-left\">\n\t\t\t\t\t\t\t\t<img loading=\"lazy\" decoding=\"async\" width=\"2560\" height=\"1920\" src=\"https:\/\/everestautomotive.al\/wp-content\/uploads\/2024\/12\/fabrication-everest-welding.png\" class=\"attachment-full size-full\" alt=\"\" srcset=\"https:\/\/everestautomotive.al\/wp-content\/uploads\/2024\/12\/fabrication-everest-welding.png 2560w, https:\/\/everestautomotive.al\/wp-content\/uploads\/2024\/12\/fabrication-everest-welding-300x225.png 300w, https:\/\/everestautomotive.al\/wp-content\/uploads\/2024\/12\/fabrication-everest-welding-1024x768.png 1024w, https:\/\/everestautomotive.al\/wp-content\/uploads\/2024\/12\/fabrication-everest-welding-768x576.png 768w, https:\/\/everestautomotive.al\/wp-content\/uploads\/2024\/12\/fabrication-everest-welding-1536x1152.png 1536w, https:\/\/everestautomotive.al\/wp-content\/uploads\/2024\/12\/fabrication-everest-welding-2048x1536.png 2048w, https:\/\/everestautomotive.al\/wp-content\/uploads\/2024\/12\/fabrication-everest-welding-600x450.png 600w, https:\/\/everestautomotive.al\/wp-content\/uploads\/2024\/12\/fabrication-everest-welding-150x113.png 150w\" sizes=\"(max-width: 2560px) 100vw, 2560px\" \/>\t\t\t\t\t<\/div>\n\n\t\t\t\t\t\t<\/div>\n\t\t\t\t<\/div>\n\t\t\t\t\t<\/div>\n\t\t<\/div>\n\t\t\t\t\t<\/div>\n\t\t<\/section>\n\t\t\t\t<\/div>\n\t\t","protected":false},"excerpt":{"rendered":"<p>Fabrikimi Precizioni n\u00eb p\u00ebrpunimin e aluminit nuk \u00ebsht\u00eb thjesht nj\u00eb synim, por nj\u00eb domosdoshm\u00ebri p\u00ebr t\u00eb shfryt\u00ebzuar plot\u00ebsisht potencialin e<\/p>\n","protected":false},"author":1,"featured_media":0,"parent":0,"menu_order":0,"comment_status":"closed","ping_status":"closed","template":"","meta":{"footnotes":""},"class_list":["post-5216","page","type-page","status-publish","hentry"],"_links":{"self":[{"href":"https:\/\/everestautomotive.al\/sq\/wp-json\/wp\/v2\/pages\/5216","targetHints":{"allow":["GET"]}}],"collection":[{"href":"https:\/\/everestautomotive.al\/sq\/wp-json\/wp\/v2\/pages"}],"about":[{"href":"https:\/\/everestautomotive.al\/sq\/wp-json\/wp\/v2\/types\/page"}],"author":[{"embeddable":true,"href":"https:\/\/everestautomotive.al\/sq\/wp-json\/wp\/v2\/users\/1"}],"replies":[{"embeddable":true,"href":"https:\/\/everestautomotive.al\/sq\/wp-json\/wp\/v2\/comments?post=5216"}],"version-history":[{"count":16,"href":"https:\/\/everestautomotive.al\/sq\/wp-json\/wp\/v2\/pages\/5216\/revisions"}],"predecessor-version":[{"id":10962,"href":"https:\/\/everestautomotive.al\/sq\/wp-json\/wp\/v2\/pages\/5216\/revisions\/10962"}],"wp:attachment":[{"href":"https:\/\/everestautomotive.al\/sq\/wp-json\/wp\/v2\/media?parent=5216"}],"curies":[{"name":"wp","href":"https:\/\/api.w.org\/{rel}","templated":true}]}}