{"id":5212,"date":"2024-05-21T11:17:06","date_gmt":"2024-05-21T09:17:06","guid":{"rendered":"https:\/\/everestautomotive.al\/perpunim\/"},"modified":"2024-12-23T16:11:23","modified_gmt":"2024-12-23T15:11:23","slug":"perpunim","status":"publish","type":"page","link":"https:\/\/everestautomotive.al\/sq\/perpunim\/","title":{"rendered":"Fonderia"},"content":{"rendered":"\t\t<div data-elementor-type=\"wp-page\" data-elementor-id=\"5212\" class=\"elementor elementor-5212 elementor-1423\">\n\t\t\t\t\t\t<section class=\"wd-negative-gap elementor-section elementor-top-section elementor-element elementor-element-d54b499 elementor-section-full_width wd-section-stretch-content elementor-section-height-min-height elementor-section-items-bottom elementor-section-height-default\" data-id=\"d54b499\" data-element_type=\"section\" data-e-type=\"section\" data-settings=\"{&quot;background_background&quot;:&quot;classic&quot;}\">\n\t\t\t\t\t\t\t<div class=\"elementor-background-overlay\"><\/div>\n\t\t\t\t\t\t\t<div class=\"elementor-container elementor-column-gap-default\">\n\t\t\t\t\t<div class=\"elementor-column elementor-col-100 elementor-top-column elementor-element elementor-element-76add0a\" data-id=\"76add0a\" data-element_type=\"column\" data-e-type=\"column\" data-settings=\"{&quot;background_background&quot;:&quot;classic&quot;}\">\n\t\t\t<div class=\"elementor-widget-wrap elementor-element-populated\">\n\t\t\t\t\t\t<div class=\"elementor-element elementor-element-ca7be4d elementor-widget__width-initial elementor-widget-tablet__width-inherit elementor-widget elementor-widget-heading\" data-id=\"ca7be4d\" data-element_type=\"widget\" data-e-type=\"widget\" data-widget_type=\"heading.default\">\n\t\t\t\t<div class=\"elementor-widget-container\">\n\t\t\t\t\t<h2 class=\"elementor-heading-title elementor-size-default\">Fonderia<\/h2>\t\t\t\t<\/div>\n\t\t\t\t<\/div>\n\t\t\t\t\t<\/div>\n\t\t<\/div>\n\t\t\t\t\t<\/div>\n\t\t<\/section>\n\t\t\t\t<section class=\"wd-negative-gap elementor-section elementor-top-section elementor-element elementor-element-ef3753d wd-section-stretch-content elementor-section-boxed elementor-section-height-default elementor-section-height-default\" data-id=\"ef3753d\" data-element_type=\"section\" data-e-type=\"section\">\n\t\t\t\t\t\t<div class=\"elementor-container elementor-column-gap-default\">\n\t\t\t\t\t<div class=\"elementor-column elementor-col-100 elementor-top-column elementor-element elementor-element-89a32f1\" data-id=\"89a32f1\" data-element_type=\"column\" data-e-type=\"column\">\n\t\t\t<div class=\"elementor-widget-wrap elementor-element-populated\">\n\t\t\t\t\t\t<div class=\"elementor-element elementor-element-d4713f6 elementor-widget__width-initial elementor-widget-tablet__width-initial elementor-invisible elementor-widget elementor-widget-heading\" data-id=\"d4713f6\" data-element_type=\"widget\" data-e-type=\"widget\" data-settings=\"{&quot;_animation&quot;:&quot;zoomIn&quot;}\" data-widget_type=\"heading.default\">\n\t\t\t\t<div class=\"elementor-widget-container\">\n\t\t\t\t\t<h2 class=\"elementor-heading-title elementor-size-default\"> Ku alumini shnd\u00ebrrohet n\u00eb kryevepra automobilistike<\/h2>\t\t\t\t<\/div>\n\t\t\t\t<\/div>\n\t\t\t\t\t<\/div>\n\t\t<\/div>\n\t\t\t\t\t<\/div>\n\t\t<\/section>\n\t\t\t\t<section class=\"wd-negative-gap elementor-section elementor-top-section elementor-element elementor-element-43b4eff wd-section-stretch-content elementor-section-boxed elementor-section-height-default elementor-section-height-default\" data-id=\"43b4eff\" data-element_type=\"section\" data-e-type=\"section\" data-settings=\"{&quot;animation&quot;:&quot;none&quot;}\">\n\t\t\t\t\t\t<div class=\"elementor-container elementor-column-gap-default\">\n\t\t\t\t\t<div class=\"elementor-column elementor-col-50 elementor-top-column elementor-element elementor-element-4dcba18\" data-id=\"4dcba18\" data-element_type=\"column\" data-e-type=\"column\" data-settings=\"{&quot;background_background&quot;:&quot;classic&quot;}\">\n\t\t\t<div class=\"elementor-widget-wrap elementor-element-populated\">\n\t\t\t\t\t\t<div class=\"elementor-element elementor-element-cdfbf71 elementor-invisible elementor-widget elementor-widget-wd_image_or_svg\" data-id=\"cdfbf71\" data-element_type=\"widget\" data-e-type=\"widget\" data-settings=\"{&quot;_animation&quot;:&quot;slideInUp&quot;}\" data-widget_type=\"wd_image_or_svg.default\">\n\t\t\t\t<div class=\"elementor-widget-container\">\n\t\t\t\t\t\n\t\t<div class=\"wd-image text-left\">\n\t\t\t\t\t\t\t\t<img fetchpriority=\"high\" decoding=\"async\" width=\"1920\" height=\"1440\" src=\"https:\/\/everestautomotive.al\/wp-content\/uploads\/2024\/12\/Casting-category-manufactoring-everestautomotive-1-1.png\" class=\"attachment-full size-full\" alt=\"\" srcset=\"https:\/\/everestautomotive.al\/wp-content\/uploads\/2024\/12\/Casting-category-manufactoring-everestautomotive-1-1.png 1920w, https:\/\/everestautomotive.al\/wp-content\/uploads\/2024\/12\/Casting-category-manufactoring-everestautomotive-1-1-300x225.png 300w, https:\/\/everestautomotive.al\/wp-content\/uploads\/2024\/12\/Casting-category-manufactoring-everestautomotive-1-1-1024x768.png 1024w, https:\/\/everestautomotive.al\/wp-content\/uploads\/2024\/12\/Casting-category-manufactoring-everestautomotive-1-1-768x576.png 768w, https:\/\/everestautomotive.al\/wp-content\/uploads\/2024\/12\/Casting-category-manufactoring-everestautomotive-1-1-1536x1152.png 1536w, https:\/\/everestautomotive.al\/wp-content\/uploads\/2024\/12\/Casting-category-manufactoring-everestautomotive-1-1-600x450.png 600w, https:\/\/everestautomotive.al\/wp-content\/uploads\/2024\/12\/Casting-category-manufactoring-everestautomotive-1-1-150x113.png 150w\" sizes=\"(max-width: 1920px) 100vw, 1920px\" \/>\t\t\t\t\t<\/div>\n\n\t\t\t\t\t\t<\/div>\n\t\t\t\t<\/div>\n\t\t\t\t\t<\/div>\n\t\t<\/div>\n\t\t\t\t<div class=\"elementor-column elementor-col-50 elementor-top-column elementor-element elementor-element-6aa3e52\" data-id=\"6aa3e52\" data-element_type=\"column\" data-e-type=\"column\">\n\t\t\t<div class=\"elementor-widget-wrap elementor-element-populated\">\n\t\t\t\t\t\t<div class=\"elementor-element elementor-element-a6ae415 elementor-invisible elementor-widget elementor-widget-wd_text_block\" data-id=\"a6ae415\" data-element_type=\"widget\" data-e-type=\"widget\" data-settings=\"{&quot;_animation&quot;:&quot;fadeInUp&quot;}\" data-widget_type=\"wd_text_block.default\">\n\t\t\t\t<div class=\"elementor-widget-container\">\n\t\t\t\t\t\t\t<div class=\"wd-text-block reset-last-child text-left\">\n\t\t\t\n\t\t\t<p>Fabrika jon\u00eb e fonderis\u00eb arrin nivele jasht\u00ebzakonisht t\u00eb larta t\u00eb prodhimit vjetor, duke p\u00ebrdorur aktualisht rreth 40-60% materiale t\u00eb ricikluara, si dhe materiale primare neutrale ndaj CO2. Sistemi i filtrimit i fabrik\u00ebs p\u00ebrdor 400 m\u00ebng\u00eb Aramide p\u00ebr t\u00eb filtruar tymrat, duke minimizuar emetimet e gazrave dhe duke promovuar q\u00ebndrueshm\u00ebrin\u00eb mjedisore.<\/p><p>N\u00eb fabrik\u00ebn ton\u00eb n\u00eb Tiran\u00eb (Shqip\u00ebri), prodhojm\u00eb 12,000 ton aliazhesh t\u00eb fark\u00ebtuara dhe t\u00eb derdhura \u00e7do vit, n\u00eb form\u00ebn e shufrave metalike. Ne p\u00ebrdorim teknologjin\u00eb m\u00eb t\u00eb fundit, duke p\u00ebrfshir\u00eb nj\u00eb furr\u00eb shkrirjeje me dy dhoma, nj\u00eb furr\u00eb bazamenti me p\u00ebrzier\u00ebs elektromagnetik dhe nj\u00eb furr\u00eb rrotulluese. Ne kemi kapacitetin t\u00eb prodhojm\u00eb t\u00eb gjitha aliazh\u00ebt e seris\u00eb 6000 dhe aktualisht po kryejm\u00eb studime p\u00ebr t\u00eb zgjeruar aft\u00ebsin\u00eb ton\u00eb n\u00eb prodhimin e aliazh\u00ebve t\u00eb seris\u00eb 7000.<\/p>\n\t\t\t\t\t<\/div>\n\t\t\t\t\t\t<\/div>\n\t\t\t\t<\/div>\n\t\t\t\t\t<\/div>\n\t\t<\/div>\n\t\t\t\t\t<\/div>\n\t\t<\/section>\n\t\t\t\t<section class=\"wd-negative-gap elementor-section elementor-top-section elementor-element elementor-element-136a739 wd-section-stretch-content elementor-reverse-mobile elementor-section-boxed elementor-section-height-default elementor-section-height-default\" data-id=\"136a739\" data-element_type=\"section\" data-e-type=\"section\" data-settings=\"{&quot;animation&quot;:&quot;none&quot;,&quot;background_background&quot;:&quot;classic&quot;}\">\n\t\t\t\t\t\t<div class=\"elementor-container elementor-column-gap-default\">\n\t\t\t\t\t<div class=\"elementor-column elementor-col-50 elementor-top-column elementor-element elementor-element-2169553\" data-id=\"2169553\" data-element_type=\"column\" data-e-type=\"column\">\n\t\t\t<div class=\"elementor-widget-wrap elementor-element-populated\">\n\t\t\t\t\t\t<div class=\"elementor-element elementor-element-cd3043b elementor-invisible elementor-widget elementor-widget-heading\" data-id=\"cd3043b\" data-element_type=\"widget\" data-e-type=\"widget\" data-settings=\"{&quot;_animation&quot;:&quot;fadeInUp&quot;}\" data-widget_type=\"heading.default\">\n\t\t\t\t<div class=\"elementor-widget-container\">\n\t\t\t\t\t<h2 class=\"elementor-heading-title elementor-size-default\">Nj\u00eb \u201cTilt Furnace\u201d tjet\u00ebr do t\u00eb nd\u00ebrtohet n\u00eb 2024-2025.<\/h2>\t\t\t\t<\/div>\n\t\t\t\t<\/div>\n\t\t\t\t<div class=\"elementor-element elementor-element-9aeaa87 elementor-invisible elementor-widget elementor-widget-wd_text_block\" data-id=\"9aeaa87\" data-element_type=\"widget\" data-e-type=\"widget\" data-settings=\"{&quot;_animation&quot;:&quot;fadeInUp&quot;}\" data-widget_type=\"wd_text_block.default\">\n\t\t\t\t<div class=\"elementor-widget-container\">\n\t\t\t\t\t\t\t<div class=\"wd-text-block reset-last-child text-left\">\n\t\t\t\n\t\t\t<p>Besueshm\u00ebria n\u00eb furnizim dhe sigurimi i cil\u00ebsis\u00eb jan\u00eb shum\u00eb t\u00eb r\u00ebnd\u00ebsishme p\u00ebr Everest.<\/p><p>Kjo p\u00ebrfshin jo vet\u00ebm proceset e derdhjes, por edhe riciklimin e mbetjeve t\u00eb aluminit, inspektimin dhe p\u00ebrgatitjen e tyre, shkrirjen, derdhjen dhe homogjenizimin, duke p\u00ebrfshir\u00eb inspektimin e plot\u00eb ultrasonik.<\/p><p>Gjithashtu, deri n\u00eb fillim t\u00eb vitit 2025 do t\u00eb nd\u00ebrtohet nj\u00eb furr\u00eb e re e kthyeshme, me nj\u00eb kapacitet shtes\u00eb prej 24,000 ton\u00ebsh n\u00eb vit.<\/p>\n\t\t\t\t\t<\/div>\n\t\t\t\t\t\t<\/div>\n\t\t\t\t<\/div>\n\t\t\t\t\t<\/div>\n\t\t<\/div>\n\t\t\t\t<div class=\"elementor-column elementor-col-50 elementor-top-column elementor-element elementor-element-8d5f8cf\" data-id=\"8d5f8cf\" data-element_type=\"column\" data-e-type=\"column\" data-settings=\"{&quot;background_background&quot;:&quot;classic&quot;}\">\n\t\t\t<div class=\"elementor-widget-wrap elementor-element-populated\">\n\t\t\t\t\t\t<div class=\"elementor-element elementor-element-016d2dd elementor-invisible elementor-widget elementor-widget-wd_image_or_svg\" data-id=\"016d2dd\" data-element_type=\"widget\" data-e-type=\"widget\" data-settings=\"{&quot;_animation&quot;:&quot;slideInUp&quot;}\" data-widget_type=\"wd_image_or_svg.default\">\n\t\t\t\t<div class=\"elementor-widget-container\">\n\t\t\t\t\t\n\t\t<div class=\"wd-image text-left\">\n\t\t\t\t\t\t\t\t<img decoding=\"async\" width=\"2560\" height=\"1920\" src=\"https:\/\/everestautomotive.al\/wp-content\/uploads\/2024\/12\/casting-everest-tilt.png\" class=\"attachment-full size-full\" alt=\"\" srcset=\"https:\/\/everestautomotive.al\/wp-content\/uploads\/2024\/12\/casting-everest-tilt.png 2560w, https:\/\/everestautomotive.al\/wp-content\/uploads\/2024\/12\/casting-everest-tilt-300x225.png 300w, https:\/\/everestautomotive.al\/wp-content\/uploads\/2024\/12\/casting-everest-tilt-1024x768.png 1024w, https:\/\/everestautomotive.al\/wp-content\/uploads\/2024\/12\/casting-everest-tilt-768x576.png 768w, https:\/\/everestautomotive.al\/wp-content\/uploads\/2024\/12\/casting-everest-tilt-1536x1152.png 1536w, https:\/\/everestautomotive.al\/wp-content\/uploads\/2024\/12\/casting-everest-tilt-2048x1536.png 2048w, https:\/\/everestautomotive.al\/wp-content\/uploads\/2024\/12\/casting-everest-tilt-600x450.png 600w, https:\/\/everestautomotive.al\/wp-content\/uploads\/2024\/12\/casting-everest-tilt-150x113.png 150w\" sizes=\"(max-width: 2560px) 100vw, 2560px\" \/>\t\t\t\t\t<\/div>\n\n\t\t\t\t\t\t<\/div>\n\t\t\t\t<\/div>\n\t\t\t\t\t<\/div>\n\t\t<\/div>\n\t\t\t\t\t<\/div>\n\t\t<\/section>\n\t\t\t\t<\/div>\n\t\t","protected":false},"excerpt":{"rendered":"<p>Fonderia Ku alumini shnd\u00ebrrohet n\u00eb kryevepra automobilistike Fabrika jon\u00eb e fonderis\u00eb arrin nivele jasht\u00ebzakonisht t\u00eb larta t\u00eb prodhimit vjetor, duke<\/p>\n","protected":false},"author":1,"featured_media":0,"parent":0,"menu_order":0,"comment_status":"closed","ping_status":"closed","template":"","meta":{"footnotes":""},"class_list":["post-5212","page","type-page","status-publish","hentry"],"_links":{"self":[{"href":"https:\/\/everestautomotive.al\/sq\/wp-json\/wp\/v2\/pages\/5212","targetHints":{"allow":["GET"]}}],"collection":[{"href":"https:\/\/everestautomotive.al\/sq\/wp-json\/wp\/v2\/pages"}],"about":[{"href":"https:\/\/everestautomotive.al\/sq\/wp-json\/wp\/v2\/types\/page"}],"author":[{"embeddable":true,"href":"https:\/\/everestautomotive.al\/sq\/wp-json\/wp\/v2\/users\/1"}],"replies":[{"embeddable":true,"href":"https:\/\/everestautomotive.al\/sq\/wp-json\/wp\/v2\/comments?post=5212"}],"version-history":[{"count":6,"href":"https:\/\/everestautomotive.al\/sq\/wp-json\/wp\/v2\/pages\/5212\/revisions"}],"predecessor-version":[{"id":10814,"href":"https:\/\/everestautomotive.al\/sq\/wp-json\/wp\/v2\/pages\/5212\/revisions\/10814"}],"wp:attachment":[{"href":"https:\/\/everestautomotive.al\/sq\/wp-json\/wp\/v2\/media?parent=5212"}],"curies":[{"name":"wp","href":"https:\/\/api.w.org\/{rel}","templated":true}]}}